{"id":734,"date":"2025-03-16T22:57:56","date_gmt":"2025-03-16T22:57:56","guid":{"rendered":"https:\/\/blissful-tesla.45-82-121-115.plesk.page\/?page_id=734"},"modified":"2025-03-16T23:05:10","modified_gmt":"2025-03-16T23:05:10","slug":"ueber-mich","status":"publish","type":"page","link":"https:\/\/blissful-tesla.45-82-121-115.plesk.page\/index.php\/ueber-mich\/","title":{"rendered":"\u00dcber mich"},"content":{"rendered":"\t\t<div data-elementor-type=\"wp-page\" data-elementor-id=\"734\" class=\"elementor elementor-734\">\n\t\t\t\t<div class=\"elementor-element elementor-element-44f19c4 e-flex e-con-boxed e-con e-parent\" data-id=\"44f19c4\" data-element_type=\"container\" data-settings=\"{&quot;background_background&quot;:&quot;classic&quot;}\">\n\t\t\t\t\t<div class=\"e-con-inner\">\n\t\t\t\t<div class=\"elementor-element elementor-element-388bb84 elementor-widget elementor-widget-spacer\" data-id=\"388bb84\" data-element_type=\"widget\" data-widget_type=\"spacer.default\">\n\t\t\t\t<div class=\"elementor-widget-container\">\n\t\t\t\t\t\t\t<div class=\"elementor-spacer\">\n\t\t\t<div class=\"elementor-spacer-inner\"><\/div>\n\t\t<\/div>\n\t\t\t\t\t\t<\/div>\n\t\t\t\t<\/div>\n\t\t\t\t<div class=\"elementor-element elementor-element-ddad25b elementor-widget elementor-widget-heading\" data-id=\"ddad25b\" data-element_type=\"widget\" data-widget_type=\"heading.default\">\n\t\t\t\t<div class=\"elementor-widget-container\">\n\t\t\t\t\t<h1 class=\"elementor-heading-title elementor-size-default\">\u00dcber mich<\/h1>\t\t\t\t<\/div>\n\t\t\t\t<\/div>\n\t\t\t\t\t<\/div>\n\t\t\t\t<\/div>\n\t\t<div class=\"elementor-element elementor-element-cac42d9 e-flex e-con-boxed e-con e-parent\" data-id=\"cac42d9\" data-element_type=\"container\" data-settings=\"{&quot;background_background&quot;:&quot;classic&quot;}\">\n\t\t\t\t\t<div class=\"e-con-inner\">\n\t\t\t\t<div class=\"elementor-element elementor-element-ac7f795 elementor-widget elementor-widget-spacer\" data-id=\"ac7f795\" data-element_type=\"widget\" data-widget_type=\"spacer.default\">\n\t\t\t\t<div class=\"elementor-widget-container\">\n\t\t\t\t\t\t\t<div class=\"elementor-spacer\">\n\t\t\t<div class=\"elementor-spacer-inner\"><\/div>\n\t\t<\/div>\n\t\t\t\t\t\t<\/div>\n\t\t\t\t<\/div>\n\t\t<div class=\"elementor-element elementor-element-8cba311 e-grid e-con-full e-con e-child\" data-id=\"8cba311\" data-element_type=\"container\">\n\t\t\t\t<div class=\"elementor-element elementor-element-deabb2d elementor-widget elementor-widget-text-editor\" data-id=\"deabb2d\" data-element_type=\"widget\" data-widget_type=\"text-editor.default\">\n\t\t\t\t<div class=\"elementor-widget-container\">\n\t\t\t\t\t\t\t\t\t<p>Das Besondere an Martin Lengefelds Methodik: Teilnehmende sch\u00e4tzen die gelungene Mischung aus Theorie und praktischen \u00dcbungen, die es ihnen erm\u00f6glicht, das Gelernte direkt in ihren Arbeitsalltag zu \u00fcbertragen. Sein umfangreiches Fachwissen vermittelt er praxisnah und reichert es mit spannenden Anekdoten aus seiner eigenen Unternehmenspraxis an.<\/p><p>2019 wurde er f\u00fcr seine Vorlesung \u201eWirksame Kommunikation auch im Auftritt\u201c mit dem Best Teaching Award der Kalaidos Fachhochschule Wirtschaft ausgezeichnet. Seit 2001 werden seine Trainings in Industrie und Hochschule gesch\u00e4tzt \u2013 darunter sieben Jahre als internationaler Verhandlungstrainer bei Siemens, wo er F\u00fchrungskr\u00e4fte weltweit in erfolgreicher Verhandlungsf\u00fchrung schulte.<\/p><p>Der studierte Betriebswirt ist unter anderem Systemischer Business Coach (ICA), zertifizierter Respekt-Trainer\u00ae bei Ren\u00e9 Borbonus, ausgebildeter Moderator, Hotelkaufmann und Stra\u00dfenbauer. Als Gr\u00fcnder des Little Helper Verlags hat er seine Expertise und die Prinzipien des Deep Practice nach Dan Coyle in die Microlearning-App <a href=\"http:\/\/easy-learner.de\">easy-learner.de<\/a> eingebracht. Die App f\u00f6rdert die aktive Auseinandersetzung mit Lernzielen und unterst\u00fctzt gezielt den Wandel von der bewussten Inkompetenz zur bewussten Kompetenz.<\/p>\t\t\t\t\t\t\t\t<\/div>\n\t\t\t\t<\/div>\n\t\t\t\t<div class=\"elementor-element elementor-element-0c7b23c elementor-widget elementor-widget-image\" data-id=\"0c7b23c\" data-element_type=\"widget\" data-widget_type=\"image.default\">\n\t\t\t\t<div class=\"elementor-widget-container\">\n\t\t\t\t\t\t\t\t\t\t\t\t\t\t\t<img decoding=\"async\" src=\"https:\/\/martin-lengefeld.de\/wp-content\/uploads\/2021\/07\/Indonesien-2-2048x1812.jpg\" title=\"\" alt=\"\" loading=\"lazy\" \/>\t\t\t\t\t\t\t\t\t\t\t\t\t\t\t<\/div>\n\t\t\t\t<\/div>\n\t\t\t\t<\/div>\n\t\t\t\t\t<\/div>\n\t\t\t\t<\/div>\n\t\t\t\t<\/div>\n\t\t","protected":false},"excerpt":{"rendered":"<p>\u00dcber mich Das Besondere an Martin Lengefelds Methodik: Teilnehmende sch\u00e4tzen die gelungene Mischung aus Theorie und praktischen \u00dcbungen, die es ihnen erm\u00f6glicht, das Gelernte direkt in ihren Arbeitsalltag zu \u00fcbertragen. Sein umfangreiches Fachwissen vermittelt er praxisnah und reichert es mit spannenden Anekdoten aus seiner eigenen Unternehmenspraxis an. 2019 wurde er f\u00fcr seine Vorlesung \u201eWirksame Kommunikation [&hellip;]<\/p>\n","protected":false},"author":1,"featured_media":0,"parent":0,"menu_order":0,"comment_status":"closed","ping_status":"closed","template":"","meta":{"footnotes":""},"class_list":["post-734","page","type-page","status-publish","hentry"],"blocksy_meta":[],"_links":{"self":[{"href":"https:\/\/blissful-tesla.45-82-121-115.plesk.page\/index.php\/wp-json\/wp\/v2\/pages\/734","targetHints":{"allow":["GET"]}}],"collection":[{"href":"https:\/\/blissful-tesla.45-82-121-115.plesk.page\/index.php\/wp-json\/wp\/v2\/pages"}],"about":[{"href":"https:\/\/blissful-tesla.45-82-121-115.plesk.page\/index.php\/wp-json\/wp\/v2\/types\/page"}],"author":[{"embeddable":true,"href":"https:\/\/blissful-tesla.45-82-121-115.plesk.page\/index.php\/wp-json\/wp\/v2\/users\/1"}],"replies":[{"embeddable":true,"href":"https:\/\/blissful-tesla.45-82-121-115.plesk.page\/index.php\/wp-json\/wp\/v2\/comments?post=734"}],"version-history":[{"count":28,"href":"https:\/\/blissful-tesla.45-82-121-115.plesk.page\/index.php\/wp-json\/wp\/v2\/pages\/734\/revisions"}],"predecessor-version":[{"id":765,"href":"https:\/\/blissful-tesla.45-82-121-115.plesk.page\/index.php\/wp-json\/wp\/v2\/pages\/734\/revisions\/765"}],"wp:attachment":[{"href":"https:\/\/blissful-tesla.45-82-121-115.plesk.page\/index.php\/wp-json\/wp\/v2\/media?parent=734"}],"curies":[{"name":"wp","href":"https:\/\/api.w.org\/{rel}","templated":true}]}}