{"id":667,"date":"2025-03-16T18:00:06","date_gmt":"2025-03-16T18:00:06","guid":{"rendered":"https:\/\/blissful-tesla.45-82-121-115.plesk.page\/?page_id=667"},"modified":"2025-03-16T23:11:47","modified_gmt":"2025-03-16T23:11:47","slug":"coachings-2","status":"publish","type":"page","link":"https:\/\/blissful-tesla.45-82-121-115.plesk.page\/index.php\/coachings-2\/","title":{"rendered":"Coachings"},"content":{"rendered":"\t\t<div data-elementor-type=\"wp-page\" data-elementor-id=\"667\" class=\"elementor elementor-667\">\n\t\t\t\t<div class=\"elementor-element elementor-element-44f19c4 e-flex e-con-boxed e-con e-parent\" data-id=\"44f19c4\" data-element_type=\"container\" data-settings=\"{&quot;background_background&quot;:&quot;classic&quot;}\">\n\t\t\t\t\t<div class=\"e-con-inner\">\n\t\t\t\t<div class=\"elementor-element elementor-element-388bb84 elementor-widget elementor-widget-spacer\" data-id=\"388bb84\" data-element_type=\"widget\" data-widget_type=\"spacer.default\">\n\t\t\t\t<div class=\"elementor-widget-container\">\n\t\t\t\t\t\t\t<div class=\"elementor-spacer\">\n\t\t\t<div class=\"elementor-spacer-inner\"><\/div>\n\t\t<\/div>\n\t\t\t\t\t\t<\/div>\n\t\t\t\t<\/div>\n\t\t\t\t<div class=\"elementor-element elementor-element-ddad25b elementor-widget elementor-widget-heading\" data-id=\"ddad25b\" data-element_type=\"widget\" data-widget_type=\"heading.default\">\n\t\t\t\t<div class=\"elementor-widget-container\">\n\t\t\t\t\t<h1 class=\"elementor-heading-title elementor-size-default\">Individuelles Coaching<\/h1>\t\t\t\t<\/div>\n\t\t\t\t<\/div>\n\t\t\t\t<div class=\"elementor-element elementor-element-56e645e elementor-widget elementor-widget-heading\" data-id=\"56e645e\" data-element_type=\"widget\" data-widget_type=\"heading.default\">\n\t\t\t\t<div class=\"elementor-widget-container\">\n\t\t\t\t\t<h2 class=\"elementor-heading-title elementor-size-default\">l\u00f6sungsorientiert, tiefgehend &amp; entwicklungsf\u00f6rdernd<\/h2>\t\t\t\t<\/div>\n\t\t\t\t<\/div>\n\t\t<div class=\"elementor-element elementor-element-e6635a9 e-grid e-con-full e-con e-child\" data-id=\"e6635a9\" data-element_type=\"container\">\n\t\t\t\t<div class=\"elementor-element elementor-element-c49b9fb elementor-align-right elementor-widget elementor-widget-button\" data-id=\"c49b9fb\" data-element_type=\"widget\" data-widget_type=\"button.default\">\n\t\t\t\t<div class=\"elementor-widget-container\">\n\t\t\t\t\t\t\t\t\t<div class=\"elementor-button-wrapper\">\n\t\t\t\t\t<a class=\"elementor-button elementor-button-link elementor-size-sm elementor-animation-grow\" href=\"#\">\n\t\t\t\t\t\t<span class=\"elementor-button-content-wrapper\">\n\t\t\t\t\t\t\t\t\t<span class=\"elementor-button-text\">Kontaktieren<\/span>\n\t\t\t\t\t<\/span>\n\t\t\t\t\t<\/a>\n\t\t\t\t<\/div>\n\t\t\t\t\t\t\t\t<\/div>\n\t\t\t\t<\/div>\n\t\t\t\t<div class=\"elementor-element elementor-element-e8ef133 elementor-align-left elementor-widget elementor-widget-button\" data-id=\"e8ef133\" data-element_type=\"widget\" data-widget_type=\"button.default\">\n\t\t\t\t<div class=\"elementor-widget-container\">\n\t\t\t\t\t\t\t\t\t<div class=\"elementor-button-wrapper\">\n\t\t\t\t\t<a class=\"elementor-button elementor-button-link elementor-size-sm elementor-animation-grow\" href=\"#\">\n\t\t\t\t\t\t<span class=\"elementor-button-content-wrapper\">\n\t\t\t\t\t\t\t\t\t<span class=\"elementor-button-text\">Mehr Erfahren<\/span>\n\t\t\t\t\t<\/span>\n\t\t\t\t\t<\/a>\n\t\t\t\t<\/div>\n\t\t\t\t\t\t\t\t<\/div>\n\t\t\t\t<\/div>\n\t\t\t\t<\/div>\n\t\t\t\t\t<\/div>\n\t\t\t\t<\/div>\n\t\t<div class=\"elementor-element elementor-element-cac42d9 e-flex e-con-boxed e-con e-parent\" data-id=\"cac42d9\" data-element_type=\"container\" data-settings=\"{&quot;background_background&quot;:&quot;classic&quot;}\">\n\t\t\t\t\t<div class=\"e-con-inner\">\n\t\t<div class=\"elementor-element elementor-element-ec31d29 e-grid e-con-full e-con e-child\" data-id=\"ec31d29\" data-element_type=\"container\">\n\t\t<div class=\"elementor-element elementor-element-1c984f2 e-con-full e-flex e-con e-child\" data-id=\"1c984f2\" data-element_type=\"container\" data-settings=\"{&quot;background_background&quot;:&quot;classic&quot;}\">\n\t\t\t\t<div class=\"elementor-element elementor-element-0784862 elementor-widget elementor-widget-text-editor\" data-id=\"0784862\" data-element_type=\"widget\" data-widget_type=\"text-editor.default\">\n\t\t\t\t<div class=\"elementor-widget-container\">\n\t\t\t\t\t\t\t\t\t<h5><span style=\"color: #ff6600;\">Kommunikation:<\/span><\/h5>\nKlar, wertsch\u00e4tzend und l\u00f6sungsorientiert auftreten, um Gespr\u00e4che wirkungsvoll zu gestalten und Missverst\u00e4ndnisse zu vermeiden.\t\t\t\t\t\t\t\t<\/div>\n\t\t\t\t<\/div>\n\t\t\t\t<\/div>\n\t\t<div class=\"elementor-element elementor-element-0a6a1a1 e-con-full e-flex e-con e-child\" data-id=\"0a6a1a1\" data-element_type=\"container\" data-settings=\"{&quot;background_background&quot;:&quot;classic&quot;}\">\n\t\t\t\t<div class=\"elementor-element elementor-element-afd8724 elementor-widget elementor-widget-text-editor\" data-id=\"afd8724\" data-element_type=\"widget\" data-widget_type=\"text-editor.default\">\n\t\t\t\t<div class=\"elementor-widget-container\">\n\t\t\t\t\t\t\t\t\t<h5><span style=\"color: #ff6600;\">Pr\u00e4sentation<\/span><\/h5>\nSouver\u00e4n und \u00fcberzeugend auftreten, Inhalte wirkungsvoll vermitteln und die eigene Pr\u00e4senz gezielt einsetzen.\t\t\t\t\t\t\t\t<\/div>\n\t\t\t\t<\/div>\n\t\t\t\t<\/div>\n\t\t<div class=\"elementor-element elementor-element-ea7f613 e-con-full e-flex e-con e-child\" data-id=\"ea7f613\" data-element_type=\"container\" data-settings=\"{&quot;background_background&quot;:&quot;classic&quot;}\">\n\t\t\t\t<div class=\"elementor-element elementor-element-663316f elementor-widget elementor-widget-text-editor\" data-id=\"663316f\" data-element_type=\"widget\" data-widget_type=\"text-editor.default\">\n\t\t\t\t<div class=\"elementor-widget-container\">\n\t\t\t\t\t\t\t\t\t<h5><span style=\"color: #ff6600;\">F\u00fchrung<\/span><\/h5><p>Authentisch f\u00fchren, Mitarbeitende st\u00e4rken und eine vertrauensvolle, motivierende F\u00fchrungskultur schaffen.<\/p><p>\u00a0<\/p>\t\t\t\t\t\t\t\t<\/div>\n\t\t\t\t<\/div>\n\t\t\t\t<\/div>\n\t\t<div class=\"elementor-element elementor-element-b2ec754 e-con-full e-flex e-con e-child\" data-id=\"b2ec754\" data-element_type=\"container\" data-settings=\"{&quot;background_background&quot;:&quot;classic&quot;}\">\n\t\t\t\t<div class=\"elementor-element elementor-element-b812455 elementor-widget elementor-widget-text-editor\" data-id=\"b812455\" data-element_type=\"widget\" data-widget_type=\"text-editor.default\">\n\t\t\t\t<div class=\"elementor-widget-container\">\n\t\t\t\t\t\t\t\t\t<h5><span style=\"color: #ff6600;\">Verhandlungen<\/span><\/h5><p>Sicher argumentieren, Interessen klar vertreten und nachhaltige, gewinnbringende Ergebnisse erzielen.<\/p><p>\u00a0<\/p>\t\t\t\t\t\t\t\t<\/div>\n\t\t\t\t<\/div>\n\t\t\t\t<\/div>\n\t\t\t\t<\/div>\n\t\t\t\t<div class=\"elementor-element elementor-element-269eadc elementor-widget elementor-widget-text-editor\" data-id=\"269eadc\" data-element_type=\"widget\" data-widget_type=\"text-editor.default\">\n\t\t\t\t<div class=\"elementor-widget-container\">\n\t\t\t\t\t\t\t\t\t<p>Das Ziel des individuellen Coachings ist es, F\u00fchrungskr\u00e4fte und Fachkr\u00e4fte dabei zu unterst\u00fctzen, eigene L\u00f6sungen zu entwickeln, Klarheit zu gewinnen und ihre Wirksamkeit zu steigern. Durch gezielte Reflexion, praxisnahe Impulse und l\u00f6sungsorientierte Begleitung meistern die Coachees Herausforderungen bewusster, erweitern ihre Handlungsspielr\u00e4ume und entwickeln ihren F\u00fchrungs- sowie Kommunikationsstil weiter \u2013 f\u00fcr mehr Souver\u00e4nit\u00e4t und langfristigen Erfolg.<\/p><p>Das Coaching bietet einen gesch\u00fctzten Raum f\u00fcr Reflexion, pers\u00f6nliche Weiterentwicklung und gezielte L\u00f6sungen. Der Fokus liegt darauf, durch klare Kommunikation, souver\u00e4ne Pr\u00e4senz, authentische F\u00fchrung und erfolgreiche Verhandlungen die eigene Wirksamkeit zu steigern.<\/p>\t\t\t\t\t\t\t\t<\/div>\n\t\t\t\t<\/div>\n\t\t\t\t<div class=\"elementor-element elementor-element-47fcfd5 elementor-widget elementor-widget-text-editor\" data-id=\"47fcfd5\" data-element_type=\"widget\" data-widget_type=\"text-editor.default\">\n\t\t\t\t<div class=\"elementor-widget-container\">\n\t\t\t\t\t\t\t\t\t<p>Durch gezielte Fragen, praxisnahe Impulse und eine l\u00f6sungsorientierte Begleitung entsteht mehr Klarheit in der Rolle, Sicherheit im Auftreten und Vertrauen in den eigenen F\u00fchrungsstil. So werden Herausforderungen souver\u00e4n gemeistert, Potenziale entfaltet und nachhaltige Entwicklung erm\u00f6glicht.<\/p>\t\t\t\t\t\t\t\t<\/div>\n\t\t\t\t<\/div>\n\t\t\t\t<div class=\"elementor-element elementor-element-150bb4e elementor-widget elementor-widget-heading\" data-id=\"150bb4e\" data-element_type=\"widget\" data-widget_type=\"heading.default\">\n\t\t\t\t<div class=\"elementor-widget-container\">\n\t\t\t\t\t<h4 class=\"elementor-heading-title elementor-size-default\">Interesse geweckt? Kontaktieren Sie mich f\u00fcr ein Kennenlerngespr\u00e4ch<\/h4>\t\t\t\t<\/div>\n\t\t\t\t<\/div>\n\t\t\t\t<div class=\"elementor-element elementor-element-116446d elementor-widget elementor-widget-button\" data-id=\"116446d\" data-element_type=\"widget\" data-widget_type=\"button.default\">\n\t\t\t\t<div class=\"elementor-widget-container\">\n\t\t\t\t\t\t\t\t\t<div class=\"elementor-button-wrapper\">\n\t\t\t\t\t<a class=\"elementor-button elementor-button-link elementor-size-sm\" href=\"#\">\n\t\t\t\t\t\t<span class=\"elementor-button-content-wrapper\">\n\t\t\t\t\t\t\t\t\t<span class=\"elementor-button-text\">Kontakt<\/span>\n\t\t\t\t\t<\/span>\n\t\t\t\t\t<\/a>\n\t\t\t\t<\/div>\n\t\t\t\t\t\t\t\t<\/div>\n\t\t\t\t<\/div>\n\t\t\t\t\t<\/div>\n\t\t\t\t<\/div>\n\t\t\t\t<\/div>\n\t\t","protected":false},"excerpt":{"rendered":"<p>Individuelles Coaching l\u00f6sungsorientiert, tiefgehend &amp; entwicklungsf\u00f6rdernd Kontaktieren Mehr Erfahren Kommunikation: Klar, wertsch\u00e4tzend und l\u00f6sungsorientiert auftreten, um Gespr\u00e4che wirkungsvoll zu gestalten und Missverst\u00e4ndnisse zu vermeiden. Pr\u00e4sentation Souver\u00e4n und \u00fcberzeugend auftreten, Inhalte wirkungsvoll vermitteln und die eigene Pr\u00e4senz gezielt einsetzen. F\u00fchrung Authentisch f\u00fchren, Mitarbeitende st\u00e4rken und eine vertrauensvolle, motivierende F\u00fchrungskultur schaffen. \u00a0 Verhandlungen Sicher argumentieren, Interessen klar [&hellip;]<\/p>\n","protected":false},"author":1,"featured_media":0,"parent":0,"menu_order":0,"comment_status":"closed","ping_status":"closed","template":"","meta":{"footnotes":""},"class_list":["post-667","page","type-page","status-publish","hentry"],"blocksy_meta":[],"_links":{"self":[{"href":"https:\/\/blissful-tesla.45-82-121-115.plesk.page\/index.php\/wp-json\/wp\/v2\/pages\/667","targetHints":{"allow":["GET"]}}],"collection":[{"href":"https:\/\/blissful-tesla.45-82-121-115.plesk.page\/index.php\/wp-json\/wp\/v2\/pages"}],"about":[{"href":"https:\/\/blissful-tesla.45-82-121-115.plesk.page\/index.php\/wp-json\/wp\/v2\/types\/page"}],"author":[{"embeddable":true,"href":"https:\/\/blissful-tesla.45-82-121-115.plesk.page\/index.php\/wp-json\/wp\/v2\/users\/1"}],"replies":[{"embeddable":true,"href":"https:\/\/blissful-tesla.45-82-121-115.plesk.page\/index.php\/wp-json\/wp\/v2\/comments?post=667"}],"version-history":[{"count":16,"href":"https:\/\/blissful-tesla.45-82-121-115.plesk.page\/index.php\/wp-json\/wp\/v2\/pages\/667\/revisions"}],"predecessor-version":[{"id":789,"href":"https:\/\/blissful-tesla.45-82-121-115.plesk.page\/index.php\/wp-json\/wp\/v2\/pages\/667\/revisions\/789"}],"wp:attachment":[{"href":"https:\/\/blissful-tesla.45-82-121-115.plesk.page\/index.php\/wp-json\/wp\/v2\/media?parent=667"}],"curies":[{"name":"wp","href":"https:\/\/api.w.org\/{rel}","templated":true}]}}