{"id":413,"date":"2025-03-09T21:46:59","date_gmt":"2025-03-09T21:46:59","guid":{"rendered":"https:\/\/blissful-tesla.45-82-121-115.plesk.page\/?page_id=413"},"modified":"2025-03-16T23:05:49","modified_gmt":"2025-03-16T23:05:49","slug":"referenzen","status":"publish","type":"page","link":"https:\/\/blissful-tesla.45-82-121-115.plesk.page\/index.php\/referenzen\/","title":{"rendered":"Referenzen"},"content":{"rendered":"\t\t<div data-elementor-type=\"wp-page\" data-elementor-id=\"413\" class=\"elementor elementor-413\">\n\t\t\t\t<div class=\"elementor-element elementor-element-44f19c4 e-flex e-con-boxed e-con e-parent\" data-id=\"44f19c4\" data-element_type=\"container\" data-settings=\"{&quot;background_background&quot;:&quot;classic&quot;}\">\n\t\t\t\t\t<div class=\"e-con-inner\">\n\t\t\t\t<div class=\"elementor-element elementor-element-388bb84 elementor-widget elementor-widget-spacer\" data-id=\"388bb84\" data-element_type=\"widget\" data-widget_type=\"spacer.default\">\n\t\t\t\t<div class=\"elementor-widget-container\">\n\t\t\t\t\t\t\t<div class=\"elementor-spacer\">\n\t\t\t<div class=\"elementor-spacer-inner\"><\/div>\n\t\t<\/div>\n\t\t\t\t\t\t<\/div>\n\t\t\t\t<\/div>\n\t\t\t\t<div class=\"elementor-element elementor-element-ddad25b elementor-widget elementor-widget-heading\" data-id=\"ddad25b\" data-element_type=\"widget\" data-widget_type=\"heading.default\">\n\t\t\t\t<div class=\"elementor-widget-container\">\n\t\t\t\t\t<h1 class=\"elementor-heading-title elementor-size-default\">Referenzen<\/h1>\t\t\t\t<\/div>\n\t\t\t\t<\/div>\n\t\t\t\t<div class=\"elementor-element elementor-element-ed24fad elementor-widget-divider--view-line elementor-widget elementor-widget-divider\" data-id=\"ed24fad\" data-element_type=\"widget\" data-widget_type=\"divider.default\">\n\t\t\t\t<div class=\"elementor-widget-container\">\n\t\t\t\t\t\t\t<div class=\"elementor-divider\">\n\t\t\t<span class=\"elementor-divider-separator\">\n\t\t\t\t\t\t<\/span>\n\t\t<\/div>\n\t\t\t\t\t\t<\/div>\n\t\t\t\t<\/div>\n\t\t\t\t\t<\/div>\n\t\t\t\t<\/div>\n\t\t<div class=\"elementor-element elementor-element-bbbda08 e-flex e-con-boxed e-con e-parent\" data-id=\"bbbda08\" data-element_type=\"container\" data-settings=\"{&quot;background_background&quot;:&quot;classic&quot;}\">\n\t\t\t\t\t<div class=\"e-con-inner\">\n\t\t<div class=\"elementor-element elementor-element-d60b7fe e-grid e-con-full e-con e-child\" data-id=\"d60b7fe\" data-element_type=\"container\">\n\t\t<div class=\"elementor-element elementor-element-e4b401b e-con-full e-flex e-con e-child\" data-id=\"e4b401b\" data-element_type=\"container\">\n\t\t\t\t<div class=\"elementor-element elementor-element-f5e78c8 elementor-widget elementor-widget-testimonial\" data-id=\"f5e78c8\" data-element_type=\"widget\" data-widget_type=\"testimonial.default\">\n\t\t\t\t<div class=\"elementor-widget-container\">\n\t\t\t\t\t\t\t<div class=\"elementor-testimonial-wrapper\">\n\t\t\t\t\t\t\t<div class=\"elementor-testimonial-content\">\u201eAusgesprochen motivierendes, praxisnahes Online - Pr\u00e4sentationsseminar, das Lust zur sofortigen Umsetzung der vermittelten Inhalte macht. Kompetent, sympathisch, abwechslungsreich und kurzweilig.\u201c <\/div>\n\t\t\t\n\t\t\t\t\t\t<div class=\"elementor-testimonial-meta\">\n\t\t\t\t<div class=\"elementor-testimonial-meta-inner\">\n\t\t\t\t\t\n\t\t\t\t\t\t\t\t\t\t<div class=\"elementor-testimonial-details\">\n\t\t\t\t\t\t\t\t\t\t\t\t\t\t<div class=\"elementor-testimonial-name\">Jochem Stahlmann<\/div>\n\t\t\t\t\t\t\t\t\t\t\t\t\t\t\t\t\t\t\t\t\t\t<div class=\"elementor-testimonial-job\">Trainer Specialist, Takeda Singen GmbH<\/div>\n\t\t\t\t\t\t\t\t\t\t\t\t\t<\/div>\n\t\t\t\t\t\t\t\t\t<\/div>\n\t\t\t<\/div>\n\t\t\t\t\t<\/div>\n\t\t\t\t\t\t<\/div>\n\t\t\t\t<\/div>\n\t\t\t\t<div class=\"elementor-element elementor-element-26986be elementor-widget-divider--view-line elementor-widget elementor-widget-divider\" data-id=\"26986be\" data-element_type=\"widget\" data-widget_type=\"divider.default\">\n\t\t\t\t<div class=\"elementor-widget-container\">\n\t\t\t\t\t\t\t<div class=\"elementor-divider\">\n\t\t\t<span class=\"elementor-divider-separator\">\n\t\t\t\t\t\t<\/span>\n\t\t<\/div>\n\t\t\t\t\t\t<\/div>\n\t\t\t\t<\/div>\n\t\t\t\t<\/div>\n\t\t<div class=\"elementor-element elementor-element-ff42fe9 e-con-full e-flex e-con e-child\" data-id=\"ff42fe9\" data-element_type=\"container\">\n\t\t\t\t<div class=\"elementor-element elementor-element-078dc75 elementor-widget elementor-widget-testimonial\" data-id=\"078dc75\" data-element_type=\"widget\" data-widget_type=\"testimonial.default\">\n\t\t\t\t<div class=\"elementor-widget-container\">\n\t\t\t\t\t\t\t<div class=\"elementor-testimonial-wrapper\">\n\t\t\t\t\t\t\t<div class=\"elementor-testimonial-content\">\u201cIch habe mit dem Kommunikationstrainer Martin Lengefeld sehr positive Erfahrungen gemacht. Er hat uns sehr wertvolle Tipps f\u00fcr unsere Kommunikationsstrategie gegeben. Er geh\u00f6rt f\u00fcr mich zu den Besten, die ich kenne.\" <\/div>\n\t\t\t\n\t\t\t\t\t\t<div class=\"elementor-testimonial-meta\">\n\t\t\t\t<div class=\"elementor-testimonial-meta-inner\">\n\t\t\t\t\t\n\t\t\t\t\t\t\t\t\t\t<div class=\"elementor-testimonial-details\">\n\t\t\t\t\t\t\t\t\t\t\t\t\t\t<div class=\"elementor-testimonial-name\">Wolfgang Eck<\/div>\n\t\t\t\t\t\t\t\t\t\t\t\t\t\t\t\t\t\t\t\t\t\t<div class=\"elementor-testimonial-job\">Managing Director Takeda GmbH, Site Manager Oranienburg<\/div>\n\t\t\t\t\t\t\t\t\t\t\t\t\t<\/div>\n\t\t\t\t\t\t\t\t\t<\/div>\n\t\t\t<\/div>\n\t\t\t\t\t<\/div>\n\t\t\t\t\t\t<\/div>\n\t\t\t\t<\/div>\n\t\t\t\t<div class=\"elementor-element elementor-element-ca0f909 elementor-widget-divider--view-line elementor-widget elementor-widget-divider\" data-id=\"ca0f909\" data-element_type=\"widget\" data-widget_type=\"divider.default\">\n\t\t\t\t<div class=\"elementor-widget-container\">\n\t\t\t\t\t\t\t<div class=\"elementor-divider\">\n\t\t\t<span class=\"elementor-divider-separator\">\n\t\t\t\t\t\t<\/span>\n\t\t<\/div>\n\t\t\t\t\t\t<\/div>\n\t\t\t\t<\/div>\n\t\t\t\t<\/div>\n\t\t<div class=\"elementor-element elementor-element-5af9cbb e-con-full e-flex e-con e-child\" data-id=\"5af9cbb\" data-element_type=\"container\">\n\t\t\t\t<div class=\"elementor-element elementor-element-4448e67 elementor-widget elementor-widget-testimonial\" data-id=\"4448e67\" data-element_type=\"widget\" data-widget_type=\"testimonial.default\">\n\t\t\t\t<div class=\"elementor-widget-container\">\n\t\t\t\t\t\t\t<div class=\"elementor-testimonial-wrapper\">\n\t\t\t\t\t\t\t<div class=\"elementor-testimonial-content\">\u201eHerr Lengefeld arbeitet mit sehr gutem Erfolg und versteht es, durch seine sprach-wissenschaftlichen Kenntnisse in der englischen Sprache und dem interkulturellem Hintergrundwissen, eine kontinuierliche und besonders effektive Sprachenfortbildung zu sichern. Seine Flexibilit\u00e4t, sein Einfallsreichtum und die Vielfalt der Unterrichtsmethoden erlauben uns es, Herrn Lengefeld f\u00fcr den Unterricht bei unserem Vorstandsvorsitzenden und unseren oberen F\u00fchrungskr\u00e4ften einzusetzen.\u201c<\/div>\n\t\t\t\n\t\t\t\t\t\t<div class=\"elementor-testimonial-meta\">\n\t\t\t\t<div class=\"elementor-testimonial-meta-inner\">\n\t\t\t\t\t\n\t\t\t\t\t\t\t\t\t\t<div class=\"elementor-testimonial-details\">\n\t\t\t\t\t\t\t\t\t\t\t\t\t\t<div class=\"elementor-testimonial-name\">Brigitte Hahn-Wagner<\/div>\n\t\t\t\t\t\t\t\t\t\t\t\t\t\t\t\t\t\t\t\t\t\t<div class=\"elementor-testimonial-job\">Leiterin International Training, EADS Deutschland GmbH <\/div>\n\t\t\t\t\t\t\t\t\t\t\t\t\t<\/div>\n\t\t\t\t\t\t\t\t\t<\/div>\n\t\t\t<\/div>\n\t\t\t\t\t<\/div>\n\t\t\t\t\t\t<\/div>\n\t\t\t\t<\/div>\n\t\t\t\t<div class=\"elementor-element elementor-element-1755a05 elementor-widget-divider--view-line elementor-widget elementor-widget-divider\" data-id=\"1755a05\" data-element_type=\"widget\" data-widget_type=\"divider.default\">\n\t\t\t\t<div class=\"elementor-widget-container\">\n\t\t\t\t\t\t\t<div class=\"elementor-divider\">\n\t\t\t<span class=\"elementor-divider-separator\">\n\t\t\t\t\t\t<\/span>\n\t\t<\/div>\n\t\t\t\t\t\t<\/div>\n\t\t\t\t<\/div>\n\t\t\t\t<\/div>\n\t\t<div class=\"elementor-element elementor-element-5806209 e-con-full e-flex e-con e-child\" data-id=\"5806209\" data-element_type=\"container\">\n\t\t\t\t<div class=\"elementor-element elementor-element-bad8d7f elementor-widget elementor-widget-testimonial\" data-id=\"bad8d7f\" data-element_type=\"widget\" data-widget_type=\"testimonial.default\">\n\t\t\t\t<div class=\"elementor-widget-container\">\n\t\t\t\t\t\t\t<div class=\"elementor-testimonial-wrapper\">\n\t\t\t\t\t\t\t<div class=\"elementor-testimonial-content\">\"Das beste Seminar des gesamten Studiums!\u201c<\/div>\n\t\t\t\n\t\t\t\t\t\t<div class=\"elementor-testimonial-meta\">\n\t\t\t\t<div class=\"elementor-testimonial-meta-inner\">\n\t\t\t\t\t\n\t\t\t\t\t\t\t\t\t\t<div class=\"elementor-testimonial-details\">\n\t\t\t\t\t\t\t\t\t\t\t\t\t\t<div class=\"elementor-testimonial-name\">Jochem Stahlmann<\/div>\n\t\t\t\t\t\t\t\t\t\t\t\t\t\t\t\t\t\t\t\t\t\t<div class=\"elementor-testimonial-job\">Studentin der Steinbeis Academy und Mitarbeiterin der ZF Friedrichshafen AG, Juni 2010<\/div>\n\t\t\t\t\t\t\t\t\t\t\t\t\t<\/div>\n\t\t\t\t\t\t\t\t\t<\/div>\n\t\t\t<\/div>\n\t\t\t\t\t<\/div>\n\t\t\t\t\t\t<\/div>\n\t\t\t\t<\/div>\n\t\t\t\t<div class=\"elementor-element elementor-element-7b0434e elementor-widget-divider--view-line elementor-widget elementor-widget-divider\" data-id=\"7b0434e\" data-element_type=\"widget\" data-widget_type=\"divider.default\">\n\t\t\t\t<div class=\"elementor-widget-container\">\n\t\t\t\t\t\t\t<div class=\"elementor-divider\">\n\t\t\t<span class=\"elementor-divider-separator\">\n\t\t\t\t\t\t<\/span>\n\t\t<\/div>\n\t\t\t\t\t\t<\/div>\n\t\t\t\t<\/div>\n\t\t\t\t<div class=\"elementor-element elementor-element-2a479f6 elementor-widget elementor-widget-testimonial\" data-id=\"2a479f6\" data-element_type=\"widget\" data-widget_type=\"testimonial.default\">\n\t\t\t\t<div class=\"elementor-widget-container\">\n\t\t\t\t\t\t\t<div class=\"elementor-testimonial-wrapper\">\n\t\t\t\t\t\t\t<div class=\"elementor-testimonial-content\">\u201eBisher das beste Modul in diesem CAS. Der Dozent ist sehr authentisch, kompetent und humorvoll.\u201c<\/div>\n\t\t\t\n\t\t\t\t\t\t<div class=\"elementor-testimonial-meta\">\n\t\t\t\t<div class=\"elementor-testimonial-meta-inner\">\n\t\t\t\t\t\n\t\t\t\t\t\t\t\t\t\t<div class=\"elementor-testimonial-details\">\n\t\t\t\t\t\t\t\t\t\t\t\t\t\t<div class=\"elementor-testimonial-name\">Hano Oertle<\/div>\n\t\t\t\t\t\t\t\t\t\t\t\t\t\t\t\t\t\t\t\t\t\t<div class=\"elementor-testimonial-job\">Direktor bei PSA Retail (Suisse) SA, Z\u00fcrich, 2019<\/div>\n\t\t\t\t\t\t\t\t\t\t\t\t\t<\/div>\n\t\t\t\t\t\t\t\t\t<\/div>\n\t\t\t<\/div>\n\t\t\t\t\t<\/div>\n\t\t\t\t\t\t<\/div>\n\t\t\t\t<\/div>\n\t\t\t\t<div class=\"elementor-element elementor-element-3e16048 elementor-widget-divider--view-line elementor-widget elementor-widget-divider\" data-id=\"3e16048\" data-element_type=\"widget\" data-widget_type=\"divider.default\">\n\t\t\t\t<div class=\"elementor-widget-container\">\n\t\t\t\t\t\t\t<div class=\"elementor-divider\">\n\t\t\t<span class=\"elementor-divider-separator\">\n\t\t\t\t\t\t<\/span>\n\t\t<\/div>\n\t\t\t\t\t\t<\/div>\n\t\t\t\t<\/div>\n\t\t\t\t<\/div>\n\t\t<div class=\"elementor-element elementor-element-7c0fb71 e-con-full e-flex e-con e-child\" data-id=\"7c0fb71\" data-element_type=\"container\">\n\t\t\t\t<div class=\"elementor-element elementor-element-10401fe elementor-widget elementor-widget-testimonial\" data-id=\"10401fe\" data-element_type=\"widget\" data-widget_type=\"testimonial.default\">\n\t\t\t\t<div class=\"elementor-widget-container\">\n\t\t\t\t\t\t\t<div class=\"elementor-testimonial-wrapper\">\n\t\t\t\t\t\t\t<div class=\"elementor-testimonial-content\">\u201eHerr Lengefeld hat auf eine ganz gezielt von mir gestellte Fragestellung einen Workshop zusammengestellt. Dem Team wurden anhand praxisnaher Beispiele verschiedenste Ans\u00e4tze zur professionellen Gespr\u00e4chsf\u00fchrung vermittelt. Der Einfallsreichtum von Herrn Lengefeld, sich in die unterschiedlichsten Kundensituationen zu versetzen, ergab ein vielf\u00e4ltiges Spektrum an l\u00f6sungsorientierter Kommunikation. Brillant umgesetzt.\u201c<\/div>\n\t\t\t\n\t\t\t\t\t\t<div class=\"elementor-testimonial-meta\">\n\t\t\t\t<div class=\"elementor-testimonial-meta-inner\">\n\t\t\t\t\t\n\t\t\t\t\t\t\t\t\t\t<div class=\"elementor-testimonial-details\">\n\t\t\t\t\t\t\t\t\t\t\t\t\t\t<div class=\"elementor-testimonial-name\">Heike Sch\u00f6ller<\/div>\n\t\t\t\t\t\t\t\t\t\t\t\t\t\t\t\t\t\t\t\t\t\t<div class=\"elementor-testimonial-job\">Associate Director, Head of Commercial Service Center, Germany, Austria, Switzerland, Takeda GmbH<\/div>\n\t\t\t\t\t\t\t\t\t\t\t\t\t<\/div>\n\t\t\t\t\t\t\t\t\t<\/div>\n\t\t\t<\/div>\n\t\t\t\t\t<\/div>\n\t\t\t\t\t\t<\/div>\n\t\t\t\t<\/div>\n\t\t\t\t<div class=\"elementor-element elementor-element-2b3f142 elementor-widget-divider--view-line elementor-widget elementor-widget-divider\" data-id=\"2b3f142\" data-element_type=\"widget\" data-widget_type=\"divider.default\">\n\t\t\t\t<div class=\"elementor-widget-container\">\n\t\t\t\t\t\t\t<div class=\"elementor-divider\">\n\t\t\t<span class=\"elementor-divider-separator\">\n\t\t\t\t\t\t<\/span>\n\t\t<\/div>\n\t\t\t\t\t\t<\/div>\n\t\t\t\t<\/div>\n\t\t\t\t<\/div>\n\t\t<div class=\"elementor-element elementor-element-b9e87c8 e-con-full e-flex e-con e-child\" data-id=\"b9e87c8\" data-element_type=\"container\">\n\t\t\t\t<div class=\"elementor-element elementor-element-df3a5d0 elementor-widget elementor-widget-testimonial\" data-id=\"df3a5d0\" data-element_type=\"widget\" data-widget_type=\"testimonial.default\">\n\t\t\t\t<div class=\"elementor-widget-container\">\n\t\t\t\t\t\t\t<div class=\"elementor-testimonial-wrapper\">\n\t\t\t\t\t\t\t<div class=\"elementor-testimonial-content\">\u201cThank you, Martin! A truly great workshop, a lot of interesting tools quite easy to practice in our lives.\u201d <\/div>\n\t\t\t\n\t\t\t\t\t\t<div class=\"elementor-testimonial-meta\">\n\t\t\t\t<div class=\"elementor-testimonial-meta-inner\">\n\t\t\t\t\t\n\t\t\t\t\t\t\t\t\t\t<div class=\"elementor-testimonial-details\">\n\t\t\t\t\t\t\t\t\t\t\t\t\t\t<div class=\"elementor-testimonial-name\">Agnieszka Paulina Jarek<\/div>\n\t\t\t\t\t\t\t\t\t\t\t\t\t\t\t\t\t\t\t\t\t\t<div class=\"elementor-testimonial-job\">Senior Key Account Manager, Sunrise Communications AG<\/div>\n\t\t\t\t\t\t\t\t\t\t\t\t\t<\/div>\n\t\t\t\t\t\t\t\t\t<\/div>\n\t\t\t<\/div>\n\t\t\t\t\t<\/div>\n\t\t\t\t\t\t<\/div>\n\t\t\t\t<\/div>\n\t\t\t\t<div class=\"elementor-element elementor-element-5d204b5 elementor-widget-divider--view-line elementor-widget elementor-widget-divider\" data-id=\"5d204b5\" data-element_type=\"widget\" data-widget_type=\"divider.default\">\n\t\t\t\t<div class=\"elementor-widget-container\">\n\t\t\t\t\t\t\t<div class=\"elementor-divider\">\n\t\t\t<span class=\"elementor-divider-separator\">\n\t\t\t\t\t\t<\/span>\n\t\t<\/div>\n\t\t\t\t\t\t<\/div>\n\t\t\t\t<\/div>\n\t\t\t\t<\/div>\n\t\t\t\t<\/div>\n\t\t\t\t<div class=\"elementor-element elementor-element-304f371 elementor-widget-divider--separator-type-pattern elementor-widget-divider--view-line elementor-widget elementor-widget-divider\" data-id=\"304f371\" data-element_type=\"widget\" data-widget_type=\"divider.default\">\n\t\t\t\t<div class=\"elementor-widget-container\">\n\t\t\t\t\t\t\t<div class=\"elementor-divider\" style=\"--divider-pattern-url: url(&quot;data:image\/svg+xml,%3Csvg xmlns=&#039;http:\/\/www.w3.org\/2000\/svg&#039; preserveAspectRatio=&#039;none&#039; overflow=&#039;visible&#039; height=&#039;100%&#039; viewBox=&#039;0 0 20 16&#039; fill=&#039;none&#039; stroke=&#039;black&#039; stroke-width=&#039;1&#039; stroke-linecap=&#039;square&#039; stroke-miterlimit=&#039;10&#039;%3E%3Cg transform=&#039;translate(-12.000000, 0)&#039;%3E%3Cpath d=&#039;M28,0L10,18&#039;\/%3E%3Cpath d=&#039;M18,0L0,18&#039;\/%3E%3Cpath d=&#039;M48,0L30,18&#039;\/%3E%3Cpath d=&#039;M38,0L20,18&#039;\/%3E%3C\/g%3E%3C\/svg%3E&quot;);\">\n\t\t\t<span class=\"elementor-divider-separator\">\n\t\t\t\t\t\t<\/span>\n\t\t<\/div>\n\t\t\t\t\t\t<\/div>\n\t\t\t\t<\/div>\n\t\t\t\t<div class=\"elementor-element elementor-element-02d70ee elementor-widget elementor-widget-heading\" data-id=\"02d70ee\" data-element_type=\"widget\" data-widget_type=\"heading.default\">\n\t\t\t\t<div class=\"elementor-widget-container\">\n\t\t\t\t\t<h2 class=\"elementor-heading-title elementor-size-default\">Auszug von Unternehmen<\/h2>\t\t\t\t<\/div>\n\t\t\t\t<\/div>\n\t\t<div class=\"elementor-element elementor-element-e5173c2 e-grid e-con-full e-con e-child\" data-id=\"e5173c2\" data-element_type=\"container\">\n\t\t\t\t<div class=\"elementor-element elementor-element-6357b4d elementor-widget elementor-widget-text-editor\" data-id=\"6357b4d\" data-element_type=\"widget\" data-widget_type=\"text-editor.default\">\n\t\t\t\t<div class=\"elementor-widget-container\">\n\t\t\t\t\t\t\t\t\t<p>Alcan AG<br \/>Aptar Pharma GmbH<br \/>AXA Technology Services<br \/>Axpo Services AG<br \/>Bergfreunde GmbH<br \/>Cegos AG<br \/>Cilag AG<br \/>Deutsche Post AG<br \/>EADS GmbH<\/p>\t\t\t\t\t\t\t\t<\/div>\n\t\t\t\t<\/div>\n\t\t\t\t<div class=\"elementor-element elementor-element-4e3d543 elementor-widget elementor-widget-text-editor\" data-id=\"4e3d543\" data-element_type=\"widget\" data-widget_type=\"text-editor.default\">\n\t\t\t\t<div class=\"elementor-widget-container\">\n\t\t\t\t\t\t\t\t\t<p>E-Plus GmbH<br \/>German Convention Bureau<br \/>HTWG, Hochschule f\u00fcr Wirtschaft und Gestaltung<br \/>HWZ, Hochschule f\u00fcr Wirtschaft Z\u00fcrich<br \/>Kalaidos Universit\u00e4t Z\u00fcrich<br \/>Nestl\u00e9 AG<br \/>Polizeihochschule VS<br \/>Post CH AG<br \/>Rapp Management AG<\/p>\t\t\t\t\t\t\t\t<\/div>\n\t\t\t\t<\/div>\n\t\t\t\t<div class=\"elementor-element elementor-element-c3aacdc elementor-widget elementor-widget-text-editor\" data-id=\"c3aacdc\" data-element_type=\"widget\" data-widget_type=\"text-editor.default\">\n\t\t\t\t<div class=\"elementor-widget-container\">\n\t\t\t\t\t\t\t\t\t<p>Siemens AG<br \/>SIG Holding<br \/>Steinbeis Universt\u00e4t Berlin<br \/>Sunrise Communications AG<br \/>Takeda Austria GmbH<br \/>Takeda GmbH<br \/>Telef\u00f3nica Germany GmbH &amp; Co. OHG<br \/>Viking Cruises AG<br \/>ZFU, International Business School<\/p>\t\t\t\t\t\t\t\t<\/div>\n\t\t\t\t<\/div>\n\t\t\t\t<\/div>\n\t\t\t\t\t<\/div>\n\t\t\t\t<\/div>\n\t\t\t\t<\/div>\n\t\t","protected":false},"excerpt":{"rendered":"<p>Referenzen \u201eAusgesprochen motivierendes, praxisnahes Online &#8211; Pr\u00e4sentationsseminar, das Lust zur sofortigen Umsetzung der vermittelten Inhalte macht. Kompetent, sympathisch, abwechslungsreich und kurzweilig.\u201c Jochem Stahlmann Trainer Specialist, Takeda Singen GmbH \u201cIch habe mit dem Kommunikationstrainer Martin Lengefeld sehr positive Erfahrungen gemacht. Er hat uns sehr wertvolle Tipps f\u00fcr unsere Kommunikationsstrategie gegeben. Er geh\u00f6rt f\u00fcr mich zu den [&hellip;]<\/p>\n","protected":false},"author":1,"featured_media":0,"parent":0,"menu_order":0,"comment_status":"closed","ping_status":"closed","template":"","meta":{"footnotes":""},"class_list":["post-413","page","type-page","status-publish","hentry"],"blocksy_meta":[],"_links":{"self":[{"href":"https:\/\/blissful-tesla.45-82-121-115.plesk.page\/index.php\/wp-json\/wp\/v2\/pages\/413","targetHints":{"allow":["GET"]}}],"collection":[{"href":"https:\/\/blissful-tesla.45-82-121-115.plesk.page\/index.php\/wp-json\/wp\/v2\/pages"}],"about":[{"href":"https:\/\/blissful-tesla.45-82-121-115.plesk.page\/index.php\/wp-json\/wp\/v2\/types\/page"}],"author":[{"embeddable":true,"href":"https:\/\/blissful-tesla.45-82-121-115.plesk.page\/index.php\/wp-json\/wp\/v2\/users\/1"}],"replies":[{"embeddable":true,"href":"https:\/\/blissful-tesla.45-82-121-115.plesk.page\/index.php\/wp-json\/wp\/v2\/comments?post=413"}],"version-history":[{"count":43,"href":"https:\/\/blissful-tesla.45-82-121-115.plesk.page\/index.php\/wp-json\/wp\/v2\/pages\/413\/revisions"}],"predecessor-version":[{"id":771,"href":"https:\/\/blissful-tesla.45-82-121-115.plesk.page\/index.php\/wp-json\/wp\/v2\/pages\/413\/revisions\/771"}],"wp:attachment":[{"href":"https:\/\/blissful-tesla.45-82-121-115.plesk.page\/index.php\/wp-json\/wp\/v2\/media?parent=413"}],"curies":[{"name":"wp","href":"https:\/\/api.w.org\/{rel}","templated":true}]}}