{"id":313,"date":"2025-03-05T07:47:06","date_gmt":"2025-03-05T07:47:06","guid":{"rendered":"https:\/\/blissful-tesla.45-82-121-115.plesk.page\/?page_id=313"},"modified":"2025-03-16T23:12:56","modified_gmt":"2025-03-16T23:12:56","slug":"trainings","status":"publish","type":"page","link":"https:\/\/blissful-tesla.45-82-121-115.plesk.page\/index.php\/trainings\/","title":{"rendered":"Trainings"},"content":{"rendered":"\t\t<div data-elementor-type=\"wp-page\" data-elementor-id=\"313\" class=\"elementor elementor-313\">\n\t\t\t\t<div class=\"elementor-element elementor-element-44f19c4 e-flex e-con-boxed e-con e-parent\" data-id=\"44f19c4\" data-element_type=\"container\" data-settings=\"{&quot;background_background&quot;:&quot;classic&quot;}\">\n\t\t\t\t\t<div class=\"e-con-inner\">\n\t\t\t\t<div class=\"elementor-element elementor-element-388bb84 elementor-widget elementor-widget-spacer\" data-id=\"388bb84\" data-element_type=\"widget\" data-widget_type=\"spacer.default\">\n\t\t\t\t<div class=\"elementor-widget-container\">\n\t\t\t\t\t\t\t<div class=\"elementor-spacer\">\n\t\t\t<div class=\"elementor-spacer-inner\"><\/div>\n\t\t<\/div>\n\t\t\t\t\t\t<\/div>\n\t\t\t\t<\/div>\n\t\t\t\t<div class=\"elementor-element elementor-element-ddad25b elementor-widget elementor-widget-heading\" data-id=\"ddad25b\" data-element_type=\"widget\" data-widget_type=\"heading.default\">\n\t\t\t\t<div class=\"elementor-widget-container\">\n\t\t\t\t\t<h1 class=\"elementor-heading-title elementor-size-default\">Trainings, die Wirkung zeigen<\/h1>\t\t\t\t<\/div>\n\t\t\t\t<\/div>\n\t\t\t\t<div class=\"elementor-element elementor-element-56e645e elementor-widget elementor-widget-heading\" data-id=\"56e645e\" data-element_type=\"widget\" data-widget_type=\"heading.default\">\n\t\t\t\t<div class=\"elementor-widget-container\">\n\t\t\t\t\t<h2 class=\"elementor-heading-title elementor-size-default\">praxisnah, nachhaltig &amp; motivierend<\/h2>\t\t\t\t<\/div>\n\t\t\t\t<\/div>\n\t\t<div class=\"elementor-element elementor-element-e6635a9 e-grid e-con-full e-con e-child\" data-id=\"e6635a9\" data-element_type=\"container\">\n\t\t\t\t<div class=\"elementor-element elementor-element-c49b9fb elementor-align-right elementor-widget elementor-widget-button\" data-id=\"c49b9fb\" data-element_type=\"widget\" data-widget_type=\"button.default\">\n\t\t\t\t<div class=\"elementor-widget-container\">\n\t\t\t\t\t\t\t\t\t<div class=\"elementor-button-wrapper\">\n\t\t\t\t\t<a class=\"elementor-button elementor-button-link elementor-size-sm elementor-animation-grow\" href=\"#\">\n\t\t\t\t\t\t<span class=\"elementor-button-content-wrapper\">\n\t\t\t\t\t\t\t\t\t<span class=\"elementor-button-text\">Kontaktieren<\/span>\n\t\t\t\t\t<\/span>\n\t\t\t\t\t<\/a>\n\t\t\t\t<\/div>\n\t\t\t\t\t\t\t\t<\/div>\n\t\t\t\t<\/div>\n\t\t\t\t<div class=\"elementor-element elementor-element-e8ef133 elementor-align-left elementor-widget elementor-widget-button\" data-id=\"e8ef133\" data-element_type=\"widget\" data-widget_type=\"button.default\">\n\t\t\t\t<div class=\"elementor-widget-container\">\n\t\t\t\t\t\t\t\t\t<div class=\"elementor-button-wrapper\">\n\t\t\t\t\t<a class=\"elementor-button elementor-button-link elementor-size-sm elementor-animation-grow\" href=\"#\">\n\t\t\t\t\t\t<span class=\"elementor-button-content-wrapper\">\n\t\t\t\t\t\t\t\t\t<span class=\"elementor-button-text\">Mehr Erfahren<\/span>\n\t\t\t\t\t<\/span>\n\t\t\t\t\t<\/a>\n\t\t\t\t<\/div>\n\t\t\t\t\t\t\t\t<\/div>\n\t\t\t\t<\/div>\n\t\t\t\t<\/div>\n\t\t\t\t\t<\/div>\n\t\t\t\t<\/div>\n\t\t<div class=\"elementor-element elementor-element-cac42d9 e-flex e-con-boxed e-con e-parent\" data-id=\"cac42d9\" data-element_type=\"container\" data-settings=\"{&quot;background_background&quot;:&quot;classic&quot;}\">\n\t\t\t\t\t<div class=\"e-con-inner\">\n\t\t<div class=\"elementor-element elementor-element-ec31d29 e-grid e-con-full e-con e-child\" data-id=\"ec31d29\" data-element_type=\"container\">\n\t\t<div class=\"elementor-element elementor-element-1c984f2 e-con-full e-flex e-con e-child\" data-id=\"1c984f2\" data-element_type=\"container\" data-settings=\"{&quot;background_background&quot;:&quot;classic&quot;}\">\n\t\t\t\t<div class=\"elementor-element elementor-element-0784862 elementor-widget elementor-widget-text-editor\" data-id=\"0784862\" data-element_type=\"widget\" data-widget_type=\"text-editor.default\">\n\t\t\t\t<div class=\"elementor-widget-container\">\n\t\t\t\t\t\t\t\t\t<h5><span style=\"color: #ff6600;\">Authentische F\u00fchrung<\/span><\/h5><p>In In diesem Seminar lernen F\u00fchrungskr\u00e4fte, wie sie<br \/>durch Coaching als F\u00fchrungsinstrument eine starke,<br \/>vertrauensvolle und motivierende F\u00fchrungskultur<br \/>entwickeln. Der Fokus liegt darauf, Mitarbeitende<br \/>durch gezielte Fragen, aktives Zuh\u00f6ren und<br \/>wertsch\u00e4tzendes Feedback in ihrer Entwicklung zu<br \/>begleiten und ihre Eigenverantwortung zu st\u00e4rken.<\/p><p><br \/>Erg\u00e4nzend werden schwierige Mitarbeitergespr\u00e4che<br \/>und der Umgang mit Konflikten behandelt, um auch<br \/>herausfordernde Situationen souver\u00e4n zu meistern.<br \/>Durch diese Form der F\u00fchrung gelingt es,<br \/>Mitarbeitende langfristig zu binden und ihre<br \/>Zufriedenheit zu steigern.<\/p><p><br \/>Durch interaktive \u00dcbungen, Reflexion und eine<br \/>Checkliste erhalten die Teilnehmenden praxisnahe<br \/>Werkzeuge, um ihren F\u00fchrungsstil nachhaltig zu<br \/>festigen und wirksam in den Alltag zu \u00fcbertragen.<\/p><p><br \/>Hierzu gibt es auch den Vortrag \u201eShould I stay or<br \/>should I go!\u201c<\/p>\t\t\t\t\t\t\t\t<\/div>\n\t\t\t\t<\/div>\n\t\t\t\t<\/div>\n\t\t<div class=\"elementor-element elementor-element-0a6a1a1 e-con-full e-flex e-con e-child\" data-id=\"0a6a1a1\" data-element_type=\"container\" data-settings=\"{&quot;background_background&quot;:&quot;classic&quot;}\">\n\t\t\t\t<div class=\"elementor-element elementor-element-afd8724 elementor-widget elementor-widget-text-editor\" data-id=\"afd8724\" data-element_type=\"widget\" data-widget_type=\"text-editor.default\">\n\t\t\t\t<div class=\"elementor-widget-container\">\n\t\t\t\t\t\t\t\t\t<h5><span style=\"color: #ff6600;\">L\u00f6sungsorientierte Kommunikation<\/span><\/h5><p>In diesem Seminar lernen die Teilnehmenden, wie sie durch l\u00f6sungsorientierte Gespr\u00e4chsf\u00fchrung eine klare, wertsch\u00e4tzende und zielgerichtete Kommunikationskultur etablieren. Sie erfahren, wie sie Missverst\u00e4ndnisse vermeiden, Vertrauen aufbauen und gemeinsam tragf\u00e4hige L\u00f6sungen entwickeln.<\/p><p>\u00a0<\/p><p>Durch interaktive Methoden und gezieltes Feedback erleben die Teilnehmenden praxisnah, wie sie ihre Kommunikation nachhaltig verbessern und souver\u00e4n steuern k\u00f6nnen. Eine Checkliste unterst\u00fctzt dabei, das Gelernte direkt in den Alltag zu integrieren und die eigene Kommunikationskompetenz weiterzuentwickeln.<\/p>\t\t\t\t\t\t\t\t<\/div>\n\t\t\t\t<\/div>\n\t\t\t\t<\/div>\n\t\t<div class=\"elementor-element elementor-element-ea7f613 e-con-full e-flex e-con e-child\" data-id=\"ea7f613\" data-element_type=\"container\" data-settings=\"{&quot;background_background&quot;:&quot;classic&quot;}\">\n\t\t\t\t<div class=\"elementor-element elementor-element-663316f elementor-widget elementor-widget-text-editor\" data-id=\"663316f\" data-element_type=\"widget\" data-widget_type=\"text-editor.default\">\n\t\t\t\t<div class=\"elementor-widget-container\">\n\t\t\t\t\t\t\t\t\t<h5><span style=\"color: #ff6600;\">Eindrucksvolle Pr\u00e4sentation<\/span><\/h5><p>In diesem Seminar lernen die Teilnehmenden, wie sie durch klare Struktur, \u00fcberzeugende Rhetorik und souver\u00e4ne Pr\u00e4senz ihre Pr\u00e4sentationen wirkungsvoll gestalten. Sie erfahren, wie sie Inhalte verst\u00e4ndlich vermitteln, ihr Publikum mitnehmen und Sicherheit in ihrer Pr\u00e4sentationsweise gewinnen.<\/p><p>\u00a0<\/p><p>Durch Videoaufnahmen und Mehrkanal- Feedback erhalten die Teilnehmenden wertvolle Einblicke in ihre Wirkung und Pr\u00e4sentationstechnik. Eine Checkliste hilft dabei, die erlernten Methoden gezielt anzuwenden und nachhaltig zu verbessern \u2013 f\u00fcr Pr\u00e4sentationen mit maximaler Wirkung.<\/p><p>\u00a0<\/p>\t\t\t\t\t\t\t\t<\/div>\n\t\t\t\t<\/div>\n\t\t\t\t<\/div>\n\t\t\t\t<\/div>\n\t\t\t\t<div class=\"elementor-element elementor-element-269eadc elementor-widget elementor-widget-text-editor\" data-id=\"269eadc\" data-element_type=\"widget\" data-widget_type=\"text-editor.default\">\n\t\t\t\t<div class=\"elementor-widget-container\">\n\t\t\t\t\t\t\t\t\t<p>Das Ziel der 1- bis 2-t\u00e4gigen Trainings ist es, F\u00fchrungskr\u00e4ften und Fachkr\u00e4ften praxisnahe Werkzeuge zu vermitteln, um klar, wertsch\u00e4tzend und wirkungsvoll zu kommunizieren, souver\u00e4n zu pr\u00e4sentieren und Mitarbeitende gezielt zu f\u00f6rdern.<\/p><p>Durch interaktive Methoden, Reflexion und praxisnahe \u00dcbungen st\u00e4rken die Teilnehmenden ihre Wirkung, meistern Herausforderungen souver\u00e4n und gestalten eine nachhaltige, vertrauensvolle Zusammenarbeit. Der Erfahrungsaustausch unter den Teilnehmenden sorgt f\u00fcr zus\u00e4tzliche Impulse und praxisnahe L\u00f6sungen f\u00fcr den eigenen Arbeitsalltag.<\/p>\t\t\t\t\t\t\t\t<\/div>\n\t\t\t\t<\/div>\n\t\t\t\t<div class=\"elementor-element elementor-element-fecd098 elementor-widget elementor-widget-heading\" data-id=\"fecd098\" data-element_type=\"widget\" data-widget_type=\"heading.default\">\n\t\t\t\t<div class=\"elementor-widget-container\">\n\t\t\t\t\t<h2 class=\"elementor-heading-title elementor-size-default\">Als Respekt-Trainer\u00ae nach Ren\u00e9 Borbonus biete ich zudem Schulungen zu 25 Aspekten des Themas Respekt an.<\/h2>\t\t\t\t<\/div>\n\t\t\t\t<\/div>\n\t\t\t\t<div class=\"elementor-element elementor-element-c3fa4f6 elementor-widget elementor-widget-image\" data-id=\"c3fa4f6\" data-element_type=\"widget\" data-widget_type=\"image.default\">\n\t\t\t\t<div class=\"elementor-widget-container\">\n\t\t\t\t\t\t\t\t\t\t\t\t\t\t\t<img fetchpriority=\"high\" decoding=\"async\" width=\"1024\" height=\"724\" src=\"https:\/\/blissful-tesla.45-82-121-115.plesk.page\/wp-content\/uploads\/2025\/03\/Respekt-Kreismodell-RGB-1-scaled-1-1024x724.jpg\" class=\"attachment-large size-large wp-image-642\" alt=\"\" srcset=\"https:\/\/blissful-tesla.45-82-121-115.plesk.page\/wp-content\/uploads\/2025\/03\/Respekt-Kreismodell-RGB-1-scaled-1-1024x724.jpg 1024w, https:\/\/blissful-tesla.45-82-121-115.plesk.page\/wp-content\/uploads\/2025\/03\/Respekt-Kreismodell-RGB-1-scaled-1-300x212.jpg 300w, https:\/\/blissful-tesla.45-82-121-115.plesk.page\/wp-content\/uploads\/2025\/03\/Respekt-Kreismodell-RGB-1-scaled-1-768x543.jpg 768w, https:\/\/blissful-tesla.45-82-121-115.plesk.page\/wp-content\/uploads\/2025\/03\/Respekt-Kreismodell-RGB-1-scaled-1-1536x1086.jpg 1536w, https:\/\/blissful-tesla.45-82-121-115.plesk.page\/wp-content\/uploads\/2025\/03\/Respekt-Kreismodell-RGB-1-scaled-1-2048x1448.jpg 2048w\" sizes=\"(max-width: 1024px) 100vw, 1024px\" \/>\t\t\t\t\t\t\t\t\t\t\t\t\t\t\t<\/div>\n\t\t\t\t<\/div>\n\t\t\t\t<div class=\"elementor-element elementor-element-150bb4e elementor-widget elementor-widget-heading\" data-id=\"150bb4e\" data-element_type=\"widget\" data-widget_type=\"heading.default\">\n\t\t\t\t<div class=\"elementor-widget-container\">\n\t\t\t\t\t<h2 class=\"elementor-heading-title elementor-size-default\">Interesse geweckt? Kontaktieren Sie mich f\u00fcr ein Kennenlerngespr\u00e4ch<\/h2>\t\t\t\t<\/div>\n\t\t\t\t<\/div>\n\t\t\t\t<div class=\"elementor-element elementor-element-116446d elementor-widget elementor-widget-button\" data-id=\"116446d\" data-element_type=\"widget\" data-widget_type=\"button.default\">\n\t\t\t\t<div class=\"elementor-widget-container\">\n\t\t\t\t\t\t\t\t\t<div class=\"elementor-button-wrapper\">\n\t\t\t\t\t<a class=\"elementor-button elementor-button-link elementor-size-sm\" href=\"#\">\n\t\t\t\t\t\t<span class=\"elementor-button-content-wrapper\">\n\t\t\t\t\t\t\t\t\t<span class=\"elementor-button-text\">Kontakt<\/span>\n\t\t\t\t\t<\/span>\n\t\t\t\t\t<\/a>\n\t\t\t\t<\/div>\n\t\t\t\t\t\t\t\t<\/div>\n\t\t\t\t<\/div>\n\t\t\t\t\t<\/div>\n\t\t\t\t<\/div>\n\t\t\t\t<\/div>\n\t\t","protected":false},"excerpt":{"rendered":"<p>Trainings, die Wirkung zeigen praxisnah, nachhaltig &amp; motivierend Kontaktieren Mehr Erfahren Authentische F\u00fchrung In In diesem Seminar lernen F\u00fchrungskr\u00e4fte, wie siedurch Coaching als F\u00fchrungsinstrument eine starke,vertrauensvolle und motivierende F\u00fchrungskulturentwickeln. Der Fokus liegt darauf, Mitarbeitendedurch gezielte Fragen, aktives Zuh\u00f6ren undwertsch\u00e4tzendes Feedback in ihrer Entwicklung zubegleiten und ihre Eigenverantwortung zu st\u00e4rken. Erg\u00e4nzend werden schwierige Mitarbeitergespr\u00e4cheund der Umgang [&hellip;]<\/p>\n","protected":false},"author":1,"featured_media":0,"parent":0,"menu_order":0,"comment_status":"closed","ping_status":"closed","template":"","meta":{"footnotes":""},"class_list":["post-313","page","type-page","status-publish","hentry"],"blocksy_meta":[],"_links":{"self":[{"href":"https:\/\/blissful-tesla.45-82-121-115.plesk.page\/index.php\/wp-json\/wp\/v2\/pages\/313","targetHints":{"allow":["GET"]}}],"collection":[{"href":"https:\/\/blissful-tesla.45-82-121-115.plesk.page\/index.php\/wp-json\/wp\/v2\/pages"}],"about":[{"href":"https:\/\/blissful-tesla.45-82-121-115.plesk.page\/index.php\/wp-json\/wp\/v2\/types\/page"}],"author":[{"embeddable":true,"href":"https:\/\/blissful-tesla.45-82-121-115.plesk.page\/index.php\/wp-json\/wp\/v2\/users\/1"}],"replies":[{"embeddable":true,"href":"https:\/\/blissful-tesla.45-82-121-115.plesk.page\/index.php\/wp-json\/wp\/v2\/comments?post=313"}],"version-history":[{"count":43,"href":"https:\/\/blissful-tesla.45-82-121-115.plesk.page\/index.php\/wp-json\/wp\/v2\/pages\/313\/revisions"}],"predecessor-version":[{"id":801,"href":"https:\/\/blissful-tesla.45-82-121-115.plesk.page\/index.php\/wp-json\/wp\/v2\/pages\/313\/revisions\/801"}],"wp:attachment":[{"href":"https:\/\/blissful-tesla.45-82-121-115.plesk.page\/index.php\/wp-json\/wp\/v2\/media?parent=313"}],"curies":[{"name":"wp","href":"https:\/\/api.w.org\/{rel}","templated":true}]}}